{"id":2,"date":"2024-09-09T17:23:03","date_gmt":"2024-09-09T15:23:03","guid":{"rendered":"\/?page_id=2"},"modified":"2024-09-25T22:35:52","modified_gmt":"2024-09-25T20:35:52","slug":"przykladowa-strona","status":"publish","type":"page","link":"https:\/\/ksiegowa.suchankova.pl\/?page_id=2","title":{"rendered":"Biuro ksi\u0119gowe A je to! Pavl\u00edna Suchankov\u00e1"},"content":{"rendered":"\n<figure class=\"wp-block-image alignleft size-full\"><img fetchpriority=\"high\" decoding=\"async\" width=\"480\" height=\"480\" src=\"https:\/\/ksiegowa.suchankova.pl\/wp-content\/uploads\/2024\/09\/445221550_10232903883724924_1418778241763755301_n-1.jpg\" alt=\"\" class=\"wp-image-24\" srcset=\"https:\/\/ksiegowa.suchankova.pl\/wp-content\/uploads\/2024\/09\/445221550_10232903883724924_1418778241763755301_n-1.jpg 480w, https:\/\/ksiegowa.suchankova.pl\/wp-content\/uploads\/2024\/09\/445221550_10232903883724924_1418778241763755301_n-1-300x300.jpg 300w, https:\/\/ksiegowa.suchankova.pl\/wp-content\/uploads\/2024\/09\/445221550_10232903883724924_1418778241763755301_n-1-150x150.jpg 150w\" sizes=\"(max-width: 480px) 100vw, 480px\" \/><\/figure>\n\n\n\n<p>Na co dzie\u0144 zarz\u0105dzam finansami i administracj\u0105, IT, RODO du\u017cej organizacji pozarz\u0105dowej zajmuj\u0105cej si\u0119 aktywizacj\u0105 zawodow\u0105 os\u00f3b z niepe\u0142nosprawno\u015bciami.<\/p>\n\n\n\n<p>Zatem temat ksi\u0119gowo\u015bci, kadr, PFRON, zatrudniania os\u00f3b z niepe\u0142nosprawno\u015bciami, rozlicze\u0144 dotacji UE i krajowych, zapewnienia, by wszystkie papiery by\u0142y w porz\u0105dku, jest mi bliski.<\/p>\n\n\n\n<p>Pragn\u0119 zaopiekowa\u0107 si\u0119 kilkoma mniejszymi firmami, niewielkimi sp\u00f3\u0142kami czy organizacjami pozarz\u0105dowymi tak by mie\u0107 szanse na nawi\u0105zanie relacji i wsp\u00f3lne zastanowienie si\u0119 nad zapewnieniem przedsi\u0119biorstwu d\u0142ugofalowego bezpiecze\u0144stwa fiskalnego.<\/p>\n\n\n\n<p>Moim mottem ksi\u0119gowym s\u0105 s\u0142owa Jezusa wypowiedziane nad rzymskim denarem: <em>&nbsp;<\/em><\/p>\n\n\n\n<figure class=\"wp-block-pullquote\"><blockquote><p><em>Oddawajcie co jest cesarskiego, cesarzowi,&nbsp;a co Bo\u017cego, Bogu&nbsp;<\/em>(Mt 22:15\u201321)<\/p><\/blockquote><\/figure>\n\n\n\n<h2 class=\"wp-block-heading\"><strong>Jak b\u0119dzie wygl\u0105da\u0142a nasza wsp\u00f3\u0142praca?<\/strong><\/h2>\n\n\n\n<p>Ostateczny kszta\u0142t wsp\u00f3\u0142pracy zale\u017cy od Twoich potrzeb i naszych ustale\u0144, jednak na podstawie do\u015bwiadcze\u0144 mo\u017ce to wygl\u0105da\u0107 tak:<\/p>\n\n\n\n<ul class=\"wp-block-list\">\n<li>Ksi\u0119guj\u0119 dokumenty za poprzedni miesi\u0105c, kt\u00f3re odbior\u0119\/dostarczysz mi i wyliczam nale\u017cne podatki.<\/li>\n\n\n\n<li>Podpisuj\u0119 i wysy\u0142am deklaracje do urz\u0119du skarbowego i ZUS \u2013 w tym sk\u0142adk\u0119 zdrowotn\u0105 w\u0142a\u015bciciela.<\/li>\n\n\n\n<li>Je\u015bli w firmie s\u0105 pracownicy \u2013 wyliczam wynagrodzenia, sk\u0142adki, przesy\u0142am raporty do ZUS.<\/li>\n\n\n\n<li>Rozlicz\u0119 VAT, przygotuj\u0119 i wy\u015bl\u0119 deklaracj\u0119 i JPK, je\u017celi to firmy &nbsp;dotyczy.<\/li>\n\n\n\n<li>Poza tym zrobi\u0119 mn\u00f3stwo rzeczy, o kt\u00f3rych nie musisz mie\u0107 poj\u0119cia, ale jak ich nie zrobi\u0119, b\u0119dzie dym\u2026&#x1f609;<\/li>\n\n\n\n<li>Wszystkie informacje \u2013 kwoty podatk\u00f3w, sk\u0142adek i wynagrodze\u0144 przesy\u0142am Ci na podany adres mailowy przed terminem zap\u0142aty.<\/li>\n\n\n\n<li>Je\u015bli chcesz, masz podgl\u0105d ksi\u0119gowo\u015bci Twojej firmy z ka\u017cdego miejsca na \u015bwiecie i o ka\u017cdej porze.<\/li>\n\n\n\n<li>W udost\u0119pnionym programie mo\u017cesz te\u017c wystawia\u0107 faktury, wola\u0142abym nawet, by w\u0142a\u015bnie tak by\u0142o &#x1f60a;. &nbsp;&nbsp;<\/li>\n\n\n\n<li>Pomog\u0119 w sprawach kadrowych oraz podczas kontroli<\/li>\n<\/ul>\n\n\n\n<blockquote class=\"wp-block-quote is-layout-flow wp-block-quote-is-layout-flow\">\n<blockquote class=\"wp-block-quote is-layout-flow wp-block-quote-is-layout-flow\">\n<p><em>Powstaj\u0105cym dopiero podmiotom, kt\u00f3re b\u0119d\u0105 u mnie prowadzi\u0107 ksi\u0119gowo\u015b\u0107, pomog\u0119 wybra\u0107 odpowiednie PKD, formy opodatkowania, wespr\u0119 przy formalno\u015bciach &#8211; nieodp\u0142atnie.<\/em><\/p>\n<\/blockquote>\n<\/blockquote>\n\n\n\n<p><strong>Ile to b\u0119dzie kosztowa\u0107?<\/strong><\/p>\n\n\n\n<p>To zale\u017cy od ilo\u015bci dokument\u00f3w, rodzaju prowadzonych ksi\u0105g i opodatkowania, Twojego statusu VAT, czy b\u0119dziesz zatrudnia\u0107 pracownik\u00f3w i ile, czy b\u0119dziesz sam prowadzi\u0142 dokumentacj\u0119 kadrow\u0105 czy ja to b\u0119d\u0119 robi\u0107.<\/p>\n\n\n\n<p><\/p>\n","protected":false},"excerpt":{"rendered":"<p>Na co dzie\u0144 zarz\u0105dzam finansami i administracj\u0105, IT, RODO du\u017cej organizacji pozarz\u0105dowej zajmuj\u0105cej si\u0119 aktywizacj\u0105 zawodow\u0105 os\u00f3b z niepe\u0142nosprawno\u015bciami. Zatem temat ksi\u0119gowo\u015bci, kadr, PFRON, zatrudniania os\u00f3b z niepe\u0142nosprawno\u015bciami, rozlicze\u0144 dotacji UE i krajowych, zapewnienia, by wszystkie papiery by\u0142y w porz\u0105dku, jest mi bliski. Pragn\u0119 zaopiekowa\u0107 si\u0119 kilkoma mniejszymi firmami, niewielkimi sp\u00f3\u0142kami czy organizacjami pozarz\u0105dowymi tak [&hellip;]<\/p>\n","protected":false},"author":1,"featured_media":0,"parent":0,"menu_order":0,"comment_status":"closed","ping_status":"open","template":"","meta":{"footnotes":""},"class_list":["post-2","page","type-page","status-publish","hentry"],"_links":{"self":[{"href":"https:\/\/ksiegowa.suchankova.pl\/index.php?rest_route=\/wp\/v2\/pages\/2","targetHints":{"allow":["GET"]}}],"collection":[{"href":"https:\/\/ksiegowa.suchankova.pl\/index.php?rest_route=\/wp\/v2\/pages"}],"about":[{"href":"https:\/\/ksiegowa.suchankova.pl\/index.php?rest_route=\/wp\/v2\/types\/page"}],"author":[{"embeddable":true,"href":"https:\/\/ksiegowa.suchankova.pl\/index.php?rest_route=\/wp\/v2\/users\/1"}],"replies":[{"embeddable":true,"href":"https:\/\/ksiegowa.suchankova.pl\/index.php?rest_route=%2Fwp%2Fv2%2Fcomments&post=2"}],"version-history":[{"count":7,"href":"https:\/\/ksiegowa.suchankova.pl\/index.php?rest_route=\/wp\/v2\/pages\/2\/revisions"}],"predecessor-version":[{"id":68,"href":"https:\/\/ksiegowa.suchankova.pl\/index.php?rest_route=\/wp\/v2\/pages\/2\/revisions\/68"}],"wp:attachment":[{"href":"https:\/\/ksiegowa.suchankova.pl\/index.php?rest_route=%2Fwp%2Fv2%2Fmedia&parent=2"}],"curies":[{"name":"wp","href":"https:\/\/api.w.org\/{rel}","templated":true}]}}